{"id":493,"date":"2025-08-07T11:56:31","date_gmt":"2025-08-07T14:56:31","guid":{"rendered":"https:\/\/aeroshop.com.uy\/punta-del-este\/?post_type=product&#038;p=493"},"modified":"2025-11-15T10:29:30","modified_gmt":"2025-11-15T13:29:30","slug":"membresia-premium","status":"publish","type":"product","link":"https:\/\/aeroshop.com.uy\/punta-del-este\/producto\/membresia-premium\/","title":{"rendered":"Membres\u00eda Premium"},"content":{"rendered":"","protected":false},"excerpt":{"rendered":"<p><strong>* Reservar 48 hrs antes<\/strong><\/p>\n<ul>\n<li>Acceso ilimitado a las salas de los Aeropuertos de Carrasco y Punta del Este. Acceso a Sala VIP de Aeroparque *.<\/li>\n<li>Personal e intransferible.<\/li>\n<li>Derecho a ingresar con 2 acompa\u00f1antes e hijos menores de 18 a\u00f1os.<\/li>\n<li>Tarifa bonificada para acompa\u00f1antes adicionales de un 20%.<\/li>\n<li>Atenci\u00f3n preferencial en puntos de control de seguridad y de migraciones \u2013 Fast Pass.<\/li>\n<li>VIP Check in, nosotros realizamos el tr\u00e1mite de check in frente a la l\u00ednea a\u00e9rea.<\/li>\n<li>Acceso a Parking techado con servicio de Valet los primeros dos d\u00edas sin cargo.<\/li>\n<\/ul>\n<p><strong>Vigencia: 1 a\u00f1o.<\/strong><\/p>\n<p><em>*Para hacer uso de la Sala en Argentina es imprescindible realizar la reserva antes de la hora 11:00 a.m. del d\u00eda h\u00e1bil anterior al vuelo.<\/em><\/p>\n<p>Retiro membres\u00eda: se contactar\u00e1n directamente con ustedes.<\/p>\n<p>Precio exento de IVA. La factura ser\u00e1 entregada en el momento que retire la compra<\/p>\n","protected":false},"featured_media":556,"template":"","meta":{"_acf_changed":false},"product_brand":[],"product_cat":[29],"product_tag":[30],"class_list":{"0":"post-493","1":"product","2":"type-product","3":"status-publish","4":"has-post-thumbnail","6":"product_cat-sala-vip","7":"product_tag-member","8":"description-off","10":"first","11":"instock","12":"virtual","13":"purchasable","14":"product-type-simple"},"acf":[],"_links":{"self":[{"href":"https:\/\/aeroshop.com.uy\/punta-del-este\/wp-json\/wp\/v2\/product\/493","targetHints":{"allow":["GET"]}}],"collection":[{"href":"https:\/\/aeroshop.com.uy\/punta-del-este\/wp-json\/wp\/v2\/product"}],"about":[{"href":"https:\/\/aeroshop.com.uy\/punta-del-este\/wp-json\/wp\/v2\/types\/product"}],"wp:featuredmedia":[{"embeddable":true,"href":"https:\/\/aeroshop.com.uy\/punta-del-este\/wp-json\/wp\/v2\/media\/556"}],"wp:attachment":[{"href":"https:\/\/aeroshop.com.uy\/punta-del-este\/wp-json\/wp\/v2\/media?parent=493"}],"wp:term":[{"taxonomy":"product_brand","embeddable":true,"href":"https:\/\/aeroshop.com.uy\/punta-del-este\/wp-json\/wp\/v2\/product_brand?post=493"},{"taxonomy":"product_cat","embeddable":true,"href":"https:\/\/aeroshop.com.uy\/punta-del-este\/wp-json\/wp\/v2\/product_cat?post=493"},{"taxonomy":"product_tag","embeddable":true,"href":"https:\/\/aeroshop.com.uy\/punta-del-este\/wp-json\/wp\/v2\/product_tag?post=493"}],"curies":[{"name":"wp","href":"https:\/\/api.w.org\/{rel}","templated":true}]}}