{"id":487,"date":"2025-08-07T11:32:27","date_gmt":"2025-08-07T14:32:27","guid":{"rendered":"https:\/\/aeroshop.com.uy\/punta-del-este\/?post_type=product&#038;p=487"},"modified":"2026-01-15T10:31:18","modified_gmt":"2026-01-15T13:31:18","slug":"sala-vip-partidas","status":"publish","type":"product","link":"https:\/\/aeroshop.com.uy\/punta-del-este\/producto\/sala-vip-partidas\/","title":{"rendered":"Sala VIP Partidas"},"content":{"rendered":"","protected":false},"excerpt":{"rendered":"<p>Identific\u00e1ndose en nuestra recepci\u00f3n con su tarjeta de socio o como beneficiario de alguno de nuestros acuerdos comerciales, podr\u00e1 relajarse y aguardar su vuelo disfrutando de sus privilegiadas instalaciones, servicio de catering y bebidas.<\/p>\n<p>Los menores de hasta 12 a\u00f1os son nuestros invitados siempre que se encuentren acompa\u00f1ados por un adulto con un ingreso v\u00e1lido.<\/p>\n<p>Precio exento de IVA.<br \/>\nLa factura por el servicio ser\u00e1 enviada v\u00eda email.<\/p>\n","protected":false},"featured_media":1545,"template":"","meta":{"_acf_changed":false},"product_brand":[],"product_cat":[29],"product_tag":[],"class_list":{"0":"post-487","1":"product","2":"type-product","3":"status-publish","4":"has-post-thumbnail","6":"product_cat-sala-vip","7":"description-off","9":"first","10":"instock","11":"virtual","12":"sold-individually","13":"purchasable","14":"product-type-phive_booking"},"acf":[],"_links":{"self":[{"href":"https:\/\/aeroshop.com.uy\/punta-del-este\/wp-json\/wp\/v2\/product\/487","targetHints":{"allow":["GET"]}}],"collection":[{"href":"https:\/\/aeroshop.com.uy\/punta-del-este\/wp-json\/wp\/v2\/product"}],"about":[{"href":"https:\/\/aeroshop.com.uy\/punta-del-este\/wp-json\/wp\/v2\/types\/product"}],"wp:featuredmedia":[{"embeddable":true,"href":"https:\/\/aeroshop.com.uy\/punta-del-este\/wp-json\/wp\/v2\/media\/1545"}],"wp:attachment":[{"href":"https:\/\/aeroshop.com.uy\/punta-del-este\/wp-json\/wp\/v2\/media?parent=487"}],"wp:term":[{"taxonomy":"product_brand","embeddable":true,"href":"https:\/\/aeroshop.com.uy\/punta-del-este\/wp-json\/wp\/v2\/product_brand?post=487"},{"taxonomy":"product_cat","embeddable":true,"href":"https:\/\/aeroshop.com.uy\/punta-del-este\/wp-json\/wp\/v2\/product_cat?post=487"},{"taxonomy":"product_tag","embeddable":true,"href":"https:\/\/aeroshop.com.uy\/punta-del-este\/wp-json\/wp\/v2\/product_tag?post=487"}],"curies":[{"name":"wp","href":"https:\/\/api.w.org\/{rel}","templated":true}]}}